{"id":2,"date":"2014-04-23T13:57:19","date_gmt":"2014-04-23T12:57:19","guid":{"rendered":"http:\/\/tute.file1.wcms.tu-dresden.de\/?page_id=2"},"modified":"2025-02-02T15:21:31","modified_gmt":"2025-02-02T14:21:31","slug":"thea-maass","status":"publish","type":"page","link":"https:\/\/tu-te.de\/en\/dance-ensemble\/thea-maass\/","title":{"rendered":"Thea Maass"},"content":{"rendered":"<div id=\"pl-2\"  class=\"panel-layout\" ><div id=\"pg-2-0\"  class=\"panel-grid panel-no-style\" ><div id=\"pgc-2-0-0\"  class=\"panel-grid-cell\" ><div id=\"panel-2-0-0-0\" class=\"so-panel widget widget_black-studio-tinymce widget_black_studio_tinymce panel-first-child panel-last-child\" data-index=\"0\" ><div class=\"textwidget\"><p><img decoding=\"async\" src=\"\/wp-content\/uploads\/2014\/08\/thea.gif\" \/><\/p>\n<\/div><\/div><\/div><div id=\"pgc-2-0-1\"  class=\"panel-grid-cell\" ><div id=\"panel-2-0-1-0\" class=\"so-panel widget widget_text panel-first-child panel-last-child\" data-index=\"1\" ><h3 class=\"widget-title\">Thea Maass<\/h3>\t\t\t<div class=\"textwidget\"><p>Der Lebensweg von Thea Maass <b>(14.07.1908 &#8211; 02.03.1989)<\/b> war seit fr\u00fcher Kindheit eng mit dem Tanz verbunden. Pr\u00e4gend f\u00fcr ihre sp\u00e4teren k\u00fcnstlerischen Leistungen als Choreografin und Tanzp\u00e4dagogin war das Studium bei Mary Wigman. An deren Schule erhielt sie nicht nur eine hervorragende tanztechnische Ausbildung, sondern wurde auch durch t\u00e4nzerische Improvisationen zu kreativem Schaffen angeregt.<\/p>\n<p>Nach ihrer beruflichen Laufbahn als T\u00e4nzerin, Ballettmeisterin und Choreografin an verschiedenen Theatern Deutschlands \u00fcbernahm sie 1953 gemeinsam mit Aenne Goldschmidt den Aufbau der Tanzgruppe im Staatlichen Volkskunstensemble der DDR (sp\u00e4ter Tanzensemble der DDR). Thea Maass erkannte den unverzichtbaren Wert der Bewahrung und Wiedergewinnung der humanistischen Traditionen der deutschen Folklore. In der anregenden Zusammenarbeit mit Aenne Goldschmidt, ihrer Wegbereiterin und sch\u00f6pferischen Mitstreiterin bis zuletzt, studierte sie jahrelang die Formen des deutschen Volkstanzes.<\/p>\n<p>Sie schuf lebensvolle, realistische Folklorechoreografien, die inzwischen zu \u201eKlassikern\u201c der B\u00fchnenfolklore geh\u00f6ren, wie z.B. die Pf\u00e4lzer Suite \u201eWenn im Herbst die Trauben reifen\u201c oder die bayerische Suite \u201eWenn der Auerhahn balzt\u201c. Thea Maass leistete im Bem\u00fchen um k\u00fcnstlerische Wahrhaftigkeit im Tanz &#8211; verbunden mit einer unverwechselbaren Interpretation durch die T\u00e4nzer &#8211; einen unsch\u00e4tzbaren Beitrag zur Entwicklung des folkloristischen B\u00fchnentanzes. Ihr Werk lebt fort im lebendigen Ged\u00e4chtnis der T\u00e4nzerinnen und T\u00e4nzer des Folkloretanzensembles der TU Dresden, die aus der jahrzehntelangen sch\u00f6pferischen Zusammenarbeit mit ihr eine tiefe menschliche und k\u00fcnstlerische Bereicherung erfuhren. Es lebt fort in der Bewahrung ihres realistischen Interpretationsstils und der sorgsamen Pflege ihrer au\u00dfergew\u00f6hnlichen Tanzgestaltung.<\/p>\n<p>In W\u00fcrdigung ihres Lebenswerkes gab sich das Folkloretanzensemble der TU Dresden 1990 den Namen \u201eThea Maass\u201d.<\/p>\n<\/div>\n\t\t<\/div><\/div><\/div><\/div>","protected":false},"excerpt":{"rendered":"<p>Der Lebensweg von Thea Maass war seit fr\u00fcher Kindheit eng mit dem Tanz verbunden. Pr\u00e4gend f\u00fcr ihre sp\u00e4teren k\u00fcnstlerischen Leistungen als Choreografin und Tanzp\u00e4dagogin war das Studium bei Mary Wigman &#8230;<\/p>\n","protected":false},"author":5,"featured_media":1564,"parent":19,"menu_order":4,"comment_status":"closed","ping_status":"closed","template":"","meta":{"_mc_calendar":[],"footnotes":""},"class_list":["post-2","page","type-page","status-publish","has-post-thumbnail","hentry"],"_links":{"self":[{"href":"https:\/\/tu-te.de\/en\/wp-json\/wp\/v2\/pages\/2","targetHints":{"allow":["GET"]}}],"collection":[{"href":"https:\/\/tu-te.de\/en\/wp-json\/wp\/v2\/pages"}],"about":[{"href":"https:\/\/tu-te.de\/en\/wp-json\/wp\/v2\/types\/page"}],"author":[{"embeddable":true,"href":"https:\/\/tu-te.de\/en\/wp-json\/wp\/v2\/users\/5"}],"replies":[{"embeddable":true,"href":"https:\/\/tu-te.de\/en\/wp-json\/wp\/v2\/comments?post=2"}],"version-history":[{"count":22,"href":"https:\/\/tu-te.de\/en\/wp-json\/wp\/v2\/pages\/2\/revisions"}],"predecessor-version":[{"id":6687,"href":"https:\/\/tu-te.de\/en\/wp-json\/wp\/v2\/pages\/2\/revisions\/6687"}],"up":[{"embeddable":true,"href":"https:\/\/tu-te.de\/en\/wp-json\/wp\/v2\/pages\/19"}],"wp:featuredmedia":[{"embeddable":true,"href":"https:\/\/tu-te.de\/en\/wp-json\/wp\/v2\/media\/1564"}],"wp:attachment":[{"href":"https:\/\/tu-te.de\/en\/wp-json\/wp\/v2\/media?parent=2"}],"curies":[{"name":"wp","href":"https:\/\/api.w.org\/{rel}","templated":true}]}}