{"id":21,"date":"2014-04-24T16:22:48","date_gmt":"2014-04-24T15:22:48","guid":{"rendered":"http:\/\/tute.file1.wcms.tu-dresden.de\/?page_id=21"},"modified":"2025-02-02T15:35:42","modified_gmt":"2025-02-02T14:35:42","slug":"volkstanzkurs","status":"publish","type":"page","link":"https:\/\/tu-te.de\/en\/training\/folk-dance-course\/","title":{"rendered":"Folk dance course"},"content":{"rendered":"<div id=\"pl-21\"  class=\"panel-layout\" ><div id=\"pg-21-0\"  class=\"panel-grid panel-no-style\" ><div id=\"pgc-21-0-0\"  class=\"panel-grid-cell\" ><div id=\"panel-21-0-0-0\" class=\"so-panel widget widget_text panel-first-child panel-last-child\" data-index=\"0\" ><h3 class=\"widget-title\">Mehr Bewegung im neuen Semester? Tanz mit uns!<\/h3>\t\t\t<div class=\"textwidget\"><p><strong><em>Es geht wieder los! <\/em><\/strong><\/p>\n<p><em>Der n\u00e4chste Volkstanzskurs startet im Wintersemster 25\/26.<\/em><\/p>\n<\/div>\n\t\t<\/div><\/div><\/div><div id=\"pg-21-1\"  class=\"panel-grid panel-no-style\" ><div id=\"pgc-21-1-0\"  class=\"panel-grid-cell\" ><div id=\"panel-21-1-0-0\" class=\"so-panel widget widget_black-studio-tinymce widget_black_studio_tinymce panel-first-child panel-last-child\" data-index=\"1\" ><div class=\"textwidget\"><p><img loading=\"lazy\" decoding=\"async\" class=\"alignnone size-full wp-image-1102\" src=\"https:\/\/tu-te.de\/wp-content\/uploads\/2014\/04\/DSC_1300.jpg\" alt=\"\" width=\"1300\" height=\"531\" srcset=\"https:\/\/tu-te.de\/wp-content\/uploads\/2014\/04\/DSC_1300.jpg 1300w, https:\/\/tu-te.de\/wp-content\/uploads\/2014\/04\/DSC_1300-300x123.jpg 300w, https:\/\/tu-te.de\/wp-content\/uploads\/2014\/04\/DSC_1300-1024x418.jpg 1024w\" sizes=\"auto, (max-width: 1300px) 100vw, 1300px\" \/><\/p>\n<\/div><\/div><\/div><\/div><div id=\"pg-21-2\"  class=\"panel-grid panel-no-style\" ><div id=\"pgc-21-2-0\"  class=\"panel-grid-cell panel-grid-cell-empty\" ><\/div><\/div><div id=\"pg-21-3\"  class=\"panel-grid panel-no-style\" ><div id=\"pgc-21-3-0\"  class=\"panel-grid-cell\" ><div id=\"panel-21-3-0-0\" class=\"so-panel widget widget_text panel-first-child panel-last-child\" data-index=\"2\" >\t\t\t<div class=\"textwidget\"><p><b>Wann?<\/b><\/p>\n<\/div>\n\t\t<\/div><\/div><div id=\"pgc-21-3-1\"  class=\"panel-grid-cell\" ><div id=\"panel-21-3-1-0\" class=\"so-panel widget widget_text panel-first-child panel-last-child\" data-index=\"3\" >\t\t\t<div class=\"textwidget\"><p>Volkstanzkurs im Wintersemester 25\/26<\/p>\n<p>jeden <strong>Donnerstag<\/strong>, <strong>19:00<\/strong> Uhr \u2013 <strong>20:30<\/strong> Uhr<br \/>\ninsgesamt 10 Veranstaltungen pro Kurs (sp\u00e4terer Einstieg nach Absprache m\u00f6glich)<\/p>\n<p>&nbsp;<\/p>\n<\/div>\n\t\t<\/div><\/div><\/div><div id=\"pg-21-4\"  class=\"panel-grid panel-no-style\" ><div id=\"pgc-21-4-0\"  class=\"panel-grid-cell\" ><div id=\"panel-21-4-0-0\" class=\"so-panel widget widget_text panel-first-child panel-last-child\" data-index=\"4\" >\t\t\t<div class=\"textwidget\"><p><b>Wo?<\/b><\/p>\n<\/div>\n\t\t<\/div><\/div><div id=\"pgc-21-4-1\"  class=\"panel-grid-cell\" ><div id=\"panel-21-4-1-0\" class=\"so-panel widget widget_text panel-first-child panel-last-child\" data-index=\"5\" >\t\t\t<div class=\"textwidget\"><p>Alte Mensa der TU Dresden, Eingang Mommsenstra\u00dfe<br \/>\nMommsenstra\u00dfe 13, 01062 Dresden<\/p>\n<\/div>\n\t\t<\/div><\/div><\/div><div id=\"pg-21-5\"  class=\"panel-grid panel-no-style\" ><div id=\"pgc-21-5-0\"  class=\"panel-grid-cell\" ><div id=\"panel-21-5-0-0\" class=\"so-panel widget widget_text panel-first-child panel-last-child\" data-index=\"6\" >\t\t\t<div class=\"textwidget\"><p><b>Beitrag?<\/b><\/p>\n<\/div>\n\t\t<\/div><\/div><div id=\"pgc-21-5-1\"  class=\"panel-grid-cell\" ><div id=\"panel-21-5-1-0\" class=\"so-panel widget widget_text panel-first-child panel-last-child\" data-index=\"7\" >\t\t\t<div class=\"textwidget\"><p>Die Anmeldung l\u00e4uft \u00fcber die Homepage des Hochschulsportzentrums der TU Dresden, dort findet ihr auch alle weiteren Informationen zu den Preisen<\/p>\n<\/div>\n\t\t<\/div><\/div><\/div><div id=\"pg-21-6\"  class=\"panel-grid panel-no-style\" ><div id=\"pgc-21-6-0\"  class=\"panel-grid-cell\" ><div id=\"panel-21-6-0-0\" class=\"so-panel widget widget_black-studio-tinymce widget_black_studio_tinymce panel-first-child\" data-index=\"8\" ><div class=\"textwidget\"><p><img loading=\"lazy\" decoding=\"async\" class=\"wp-image-3749 aligncenter\" src=\"https:\/\/tu-te.de\/wp-content\/uploads\/2019\/09\/Trainingsbild-HP.jpg\" alt=\"\" width=\"450\" height=\"300\" srcset=\"https:\/\/tu-te.de\/wp-content\/uploads\/2019\/09\/Trainingsbild-HP.jpg 6000w, https:\/\/tu-te.de\/wp-content\/uploads\/2019\/09\/Trainingsbild-HP-300x200.jpg 300w, https:\/\/tu-te.de\/wp-content\/uploads\/2019\/09\/Trainingsbild-HP-768x512.jpg 768w, https:\/\/tu-te.de\/wp-content\/uploads\/2019\/09\/Trainingsbild-HP-1024x683.jpg 1024w, https:\/\/tu-te.de\/wp-content\/uploads\/2019\/09\/Trainingsbild-HP-272x182.jpg 272w\" sizes=\"auto, (max-width: 450px) 100vw, 450px\" \/><\/p>\n<\/div><\/div><div id=\"panel-21-6-0-1\" class=\"so-panel widget widget_text\" data-index=\"9\" >\t\t\t<div class=\"textwidget\"><p>Volkstanz klingt in manchen Ohren ein wenig verstaubt und beh\u00e4big \u2013 wir \u00fcberzeugen euch gerne vom Gegenteil! Wir tanzen Folklore spritzig, anspruchsvoll, fr\u00f6hlich und auf einem k\u00fcnstlerischen Niveau, das wir regelm\u00e4\u00dfig unter Beweis stellen.<br \/>\nWenn ihr Lust habt, erlernt ihr in unserem Volkstanzkurs unabh\u00e4ngig von Vorkenntnissen \u00fcber ein Semester die Grundschritte von Polka, Walzer, Mazurka, Rheinl\u00e4nder und Dreher sowie ihre Anwendung in interessanten und abwechslungsreichen T\u00e4nzen \u2013 professionelle K\u00f6rperschulung und von einem Pianisten begleitete Aufw\u00e4rm-\u00dcbungen geh\u00f6ren nat\u00fcrlich auch dazu.<br \/>\nBei einem <b>kostenlosen Schnuppertraining<\/b> k\u00f6nnt ihr&#8217;s ja einfach mal ausprobieren! Au\u00dfer mitzubringende Trainingskleidung sind keine Vorkenntnisse oder Tanzpartner erforderlich, beides kann aber auch gerne mitgebracht werden. Vielleicht werdet ihr von unserer Tanzlust angesteckt und wechselt nach dem Grundkurs in unser Ensemble? ALLE sind bei uns willkommen!<\/p>\n<\/div>\n\t\t<\/div><div id=\"panel-21-6-0-2\" class=\"widget_text so-panel widget widget_custom_html panel-last-child\" data-index=\"10\" ><div class=\"textwidget custom-html-widget\"><b>Eindr\u00fccke vom Internationalen B\u00e4nderbaumtanz auf dem Altmarkt<br> - jedes Sommersemester im Rahmen unseres Volkstanzkurses:<\/b>\n<iframe loading=\"lazy\" width=\"640\" height=\"360\" src=\"https:\/\/www.youtube.com\/embed\/386XAJcq5Bs?rel=0\" frameborder=\"0\" allowfullscreen><\/iframe>\n\nAnmeldung jederzeit m\u00f6glich!<\/div><\/div><\/div><\/div><div id=\"pg-21-7\"  class=\"panel-grid panel-no-style\" ><div id=\"pgc-21-7-0\"  class=\"panel-grid-cell panel-grid-cell-empty\" ><\/div><\/div><\/div>","protected":false},"excerpt":{"rendered":"<p>If you fancy trying out something &#8220;new and old&#8221;, our German folklore dance course is just the thing for you.<\/p>\n","protected":false},"author":5,"featured_media":0,"parent":15,"menu_order":2,"comment_status":"closed","ping_status":"closed","template":"","meta":{"_mc_calendar":[],"footnotes":""},"class_list":["post-21","page","type-page","status-publish","hentry"],"_links":{"self":[{"href":"https:\/\/tu-te.de\/en\/wp-json\/wp\/v2\/pages\/21","targetHints":{"allow":["GET"]}}],"collection":[{"href":"https:\/\/tu-te.de\/en\/wp-json\/wp\/v2\/pages"}],"about":[{"href":"https:\/\/tu-te.de\/en\/wp-json\/wp\/v2\/types\/page"}],"author":[{"embeddable":true,"href":"https:\/\/tu-te.de\/en\/wp-json\/wp\/v2\/users\/5"}],"replies":[{"embeddable":true,"href":"https:\/\/tu-te.de\/en\/wp-json\/wp\/v2\/comments?post=21"}],"version-history":[{"count":193,"href":"https:\/\/tu-te.de\/en\/wp-json\/wp\/v2\/pages\/21\/revisions"}],"predecessor-version":[{"id":6695,"href":"https:\/\/tu-te.de\/en\/wp-json\/wp\/v2\/pages\/21\/revisions\/6695"}],"up":[{"embeddable":true,"href":"https:\/\/tu-te.de\/en\/wp-json\/wp\/v2\/pages\/15"}],"wp:attachment":[{"href":"https:\/\/tu-te.de\/en\/wp-json\/wp\/v2\/media?parent=21"}],"curies":[{"name":"wp","href":"https:\/\/api.w.org\/{rel}","templated":true}]}}